{"id":1791,"date":"2025-01-20T09:12:49","date_gmt":"2025-01-20T09:12:49","guid":{"rendered":"https:\/\/amanoohookah.com\/?page_id=1791"},"modified":"2026-02-06T14:05:57","modified_gmt":"2026-02-06T14:05:57","slug":"die-innovationsgeschichte-von-amanoo-e-hookah","status":"publish","type":"page","link":"https:\/\/amanoohookah.com\/de\/die-innovationsgeschichte-von-amanoo-e-hookah\/","title":{"rendered":"Geschichte der Innovation"},"content":{"rendered":"<div data-elementor-type=\"wp-page\" data-elementor-id=\"1791\" class=\"elementor elementor-1791\" data-elementor-post-type=\"page\">\n\t\t\t\t<div class=\"elementor-element elementor-element-2918dc9 e-flex e-con-boxed e-con e-parent\" data-id=\"2918dc9\" data-element_type=\"container\" data-e-type=\"container\" data-settings=\"{&quot;background_background&quot;:&quot;classic&quot;}\">\n\t\t\t\t\t<div class=\"e-con-inner\">\n\t\t\t\t<div class=\"elementor-element elementor-element-6e70ebd elementor-widget elementor-widget-heading\" data-id=\"6e70ebd\" data-element_type=\"widget\" data-e-type=\"widget\" data-widget_type=\"heading.default\">\n\t\t\t\t<div class=\"elementor-widget-container\">\n\t\t\t\t\t<h1 class=\"elementor-heading-title elementor-size-default\">Innovation, der Sie vertrauen k\u00f6nnen<\/h1>\t\t\t\t<\/div>\n\t\t\t\t<\/div>\n\t\t\t\t\t<\/div>\n\t\t\t\t<\/div>\n\t\t\t\t<section class=\"elementor-section elementor-top-section elementor-element elementor-element-cp8k17c elementor-section-boxed elementor-section-height-default elementor-section-height-default\" data-id=\"cp8k17c\" data-element_type=\"section\" data-e-type=\"section\" data-settings=\"{&quot;background_background&quot;:&quot;classic&quot;}\">\n\t\t\t\t\t\t\t<div class=\"elementor-background-overlay\"><\/div>\n\t\t\t\t\t\t\t<div class=\"elementor-container elementor-column-gap-default\">\n\t\t\t\t\t<div class=\"elementor-column elementor-col-100 elementor-top-column elementor-element elementor-element-dd305b2\" data-id=\"dd305b2\" data-element_type=\"column\" data-e-type=\"column\">\n\t\t\t<div class=\"elementor-widget-wrap elementor-element-populated\">\n\t\t\t\t\t\t<div class=\"elementor-element elementor-element-3171737 elementor-invisible elementor-widget elementor-widget-text-editor\" data-id=\"3171737\" data-element_type=\"widget\" data-e-type=\"widget\" data-settings=\"{&quot;_animation&quot;:&quot;fadeIn&quot;}\" data-widget_type=\"text-editor.default\">\n\t\t\t\t<div class=\"elementor-widget-container\">\n\t\t\t\t\t\t\t\t\t<p>Unter <strong>Amanoo<\/strong>Innovation ist das Herzst\u00fcck von allem, was wir tun. Seit \u00fcber 12 Jahren stehen wir an vorderster Front, wenn es darum geht, das traditionelle Shisha-Erlebnis in etwas Modernes, Bequemes und Gesundheitsbewusstes zu verwandeln. Als das <strong>Pioniere der ersten E-Hookah<\/strong>haben wir uns der Entwicklung von Verdampfungstechnologien gewidmet, insbesondere im Bereich der Tabakbl\u00e4tter.<\/p><p>Wir haben nicht nur eine E-Hookah entwickelt, sondern auch die Art und Weise neu definiert, wie Menschen den Geschmack und die Kultur der traditionellen Wasserpfeife genie\u00dfen. Unsere Erfahrung und unser Fachwissen in der Verdampfung von Tabakbl\u00e4ttern haben es uns erm\u00f6glicht, auf Schritt und Tritt innovativ zu sein. Heute ist unsere Technologie wegweisend in <strong>moderne E-Hookah-L\u00f6sungen<\/strong> die au\u00dfergew\u00f6hnlichen Geschmack, sauberen Dampf und konstante Leistung liefern.<\/p>\t\t\t\t\t\t\t\t<\/div>\n\t\t\t\t<\/div>\n\t\t\t\t<section class=\"elementor-section elementor-inner-section elementor-element elementor-element-f26e6f2 elementor-section-boxed elementor-section-height-default elementor-section-height-default\" data-id=\"f26e6f2\" data-element_type=\"section\" data-e-type=\"section\">\n\t\t\t\t\t\t<div class=\"elementor-container elementor-column-gap-default\">\n\t\t\t\t\t<div class=\"elementor-column elementor-col-33 elementor-inner-column elementor-element elementor-element-6934495\" data-id=\"6934495\" data-element_type=\"column\" data-e-type=\"column\">\n\t\t\t<div class=\"elementor-widget-wrap elementor-element-populated\">\n\t\t\t\t\t\t<div class=\"elementor-element elementor-element-fb052ec elementor-widget elementor-widget-image-box\" data-id=\"fb052ec\" data-element_type=\"widget\" data-e-type=\"widget\" data-widget_type=\"image-box.default\">\n\t\t\t\t<div class=\"elementor-widget-container\">\n\t\t\t\t\t<div class=\"elementor-image-box-wrapper\"><div class=\"elementor-image-box-content\"><h2 class=\"elementor-image-box-title\">12+<\/h2><p class=\"elementor-image-box-description\">Jahre der Erfahrung<\/p><\/div><\/div>\t\t\t\t<\/div>\n\t\t\t\t<\/div>\n\t\t\t\t\t<\/div>\n\t\t<\/div>\n\t\t\t\t<div class=\"elementor-column elementor-col-33 elementor-inner-column elementor-element elementor-element-a9b4967\" data-id=\"a9b4967\" data-element_type=\"column\" data-e-type=\"column\">\n\t\t\t<div class=\"elementor-widget-wrap elementor-element-populated\">\n\t\t\t\t\t\t<div class=\"elementor-element elementor-element-927c8f8 elementor-widget elementor-widget-image-box\" data-id=\"927c8f8\" data-element_type=\"widget\" data-e-type=\"widget\" data-widget_type=\"image-box.default\">\n\t\t\t\t<div class=\"elementor-widget-container\">\n\t\t\t\t\t<div class=\"elementor-image-box-wrapper\"><div class=\"elementor-image-box-content\"><h2 class=\"elementor-image-box-title\">250+<\/h2><p class=\"elementor-image-box-description\">Nationale &amp; internationale Patente <\/p><\/div><\/div>\t\t\t\t<\/div>\n\t\t\t\t<\/div>\n\t\t\t\t\t<\/div>\n\t\t<\/div>\n\t\t\t\t<div class=\"elementor-column elementor-col-33 elementor-inner-column elementor-element elementor-element-59c6fec\" data-id=\"59c6fec\" data-element_type=\"column\" data-e-type=\"column\">\n\t\t\t<div class=\"elementor-widget-wrap elementor-element-populated\">\n\t\t\t\t\t\t<div class=\"elementor-element elementor-element-e44e0c5 elementor-widget elementor-widget-image-box\" data-id=\"e44e0c5\" data-element_type=\"widget\" data-e-type=\"widget\" data-widget_type=\"image-box.default\">\n\t\t\t\t<div class=\"elementor-widget-container\">\n\t\t\t\t\t<div class=\"elementor-image-box-wrapper\"><div class=\"elementor-image-box-content\"><h2 class=\"elementor-image-box-title\">25<\/h2><p class=\"elementor-image-box-description\">F&amp;E-Ingenieure<\/p><\/div><\/div>\t\t\t\t<\/div>\n\t\t\t\t<\/div>\n\t\t\t\t\t<\/div>\n\t\t<\/div>\n\t\t\t\t\t<\/div>\n\t\t<\/section>\n\t\t\t\t\t<\/div>\n\t\t<\/div>\n\t\t\t\t\t<\/div>\n\t\t<\/section>\n\t\t<div class=\"elementor-element elementor-element-8daa341 e-flex e-con-boxed e-con e-parent\" data-id=\"8daa341\" data-element_type=\"container\" data-e-type=\"container\">\n\t\t\t\t\t<div class=\"e-con-inner\">\n\t\t\t\t<div class=\"elementor-element elementor-element-7f192d5 elementor-widget elementor-widget-timeline-widget-addon\" data-id=\"7f192d5\" data-element_type=\"widget\" data-e-type=\"widget\" data-widget_type=\"timeline-widget-addon.default\">\n\t\t\t\t<div class=\"elementor-widget-container\">\n\t\t\t\t\t<!-- ========= Timeline Widget Addon For Elementor 1.6.6 ========= -->\n<div id=\"twae-wrapper-7f192d5\" class=\"twae-vertical twae-wrapper  twae-both-sided\">   \n    <div class=\"twae-start\"><\/div>    \n    <div id=\"twea-timeline-7f192d5\" class=\"twae-timeline\" ><!-- Start of Story Repeater Content --><div id=\"story-6c6e59f\" class=\"twae-story twae-repeater-item twae-story-right twae-story-no-icon\"><!-- Story Label --><div class=\"twae-labels\"><div class=\"twae-label-big\">2014<\/div><div class=\"twae-label-small\">E Shisha Kopf Geboren<\/div><\/div><!-- Story Icon --><div class=\"twae-icon\"><i aria-hidden=\"true\" class=\"far fa-clock\"><\/i><\/div><!-- Story Arrow --><div class=\"twae-arrow\"><\/div><!-- Start of Story Content --><div class=\"twae-content\"><!-- Story Title --><div class=\"twae-title\"> Der erste E-Shisha-Kopf wird geboren<\/div><!-- Story Image --><div class=\"twae-media large\"><img fetchpriority=\"high\" decoding=\"async\" width=\"800\" height=\"552\" src=\"https:\/\/amanoohookah.com\/wp-content\/uploads\/2025\/01\/square-e-head-1024x707.jpg\" class=\"attachment-large size-large\" alt=\"\" srcset=\"https:\/\/amanoohookah.com\/wp-content\/uploads\/2025\/01\/square-e-head-1024x707.jpg 1024w, https:\/\/amanoohookah.com\/wp-content\/uploads\/2025\/01\/square-e-head-300x207.jpg 300w, https:\/\/amanoohookah.com\/wp-content\/uploads\/2025\/01\/square-e-head-768x531.jpg 768w, https:\/\/amanoohookah.com\/wp-content\/uploads\/2025\/01\/square-e-head-600x415.jpg 600w, https:\/\/amanoohookah.com\/wp-content\/uploads\/2025\/01\/square-e-head.jpg 1200w\" sizes=\"(max-width: 800px) 100vw, 800px\" \/><\/div><!-- Story Description --><div class=\"twae-description\"><p>Wir waren Vorreiter bei der <strong>E-Hookah<\/strong> durch die Entwicklung der ersten elektronischen Wasserpfeife, die Einf\u00fchrung einer <strong>saubere, rauchfreie Alternative<\/strong> zu traditionellen Wasserpfeifen. Dieser Durchbruch erm\u00f6glichte es den Nutzern, die Essenz der Wasserpfeife ohne die sch\u00e4dlichen Auswirkungen von Holzkohle, Rauch und Giftstoffen zu genie\u00dfen.<\/p><\/div><\/div><\/div><!-- Start of Story Repeater Content --><div id=\"story-244df86\" class=\"twae-story twae-repeater-item twae-story-left twae-story-no-icon\"><!-- Story Label --><div class=\"twae-labels\"><div class=\"twae-label-big\">Juli, 2014<\/div><div class=\"twae-label-small\">Amanoo E Shisha Kopf<\/div><\/div><!-- Story Icon --><div class=\"twae-icon\"><i aria-hidden=\"true\" class=\"far fa-clock\"><\/i><\/div><!-- Story Arrow --><div class=\"twae-arrow\"><\/div><!-- Start of Story Content --><div class=\"twae-content\"><!-- Story Title --><div class=\"twae-title\">Amanoo E Shisha Kopf Einf\u00fchrung (Liquid E-Shisha Kopf)<\/div><!-- Story Image --><div class=\"twae-media large\"><img decoding=\"async\" width=\"800\" height=\"419\" src=\"https:\/\/amanoohookah.com\/wp-content\/uploads\/2025\/01\/amanoo-e-shisha-head.jpg\" class=\"attachment-large size-large\" alt=\"\" srcset=\"https:\/\/amanoohookah.com\/wp-content\/uploads\/2025\/01\/amanoo-e-shisha-head.jpg 896w, https:\/\/amanoohookah.com\/wp-content\/uploads\/2025\/01\/amanoo-e-shisha-head-300x157.jpg 300w, https:\/\/amanoohookah.com\/wp-content\/uploads\/2025\/01\/amanoo-e-shisha-head-768x402.jpg 768w, https:\/\/amanoohookah.com\/wp-content\/uploads\/2025\/01\/amanoo-e-shisha-head-600x314.jpg 600w\" sizes=\"(max-width: 800px) 100vw, 800px\" \/><\/div><!-- Story Description --><div class=\"twae-description\"><p>Die <a href=\"https:\/\/amanoovape.com\/product\/amanoo-e-hookah-head\/\"><strong>Amanoo E Shisha Kopf<\/strong><\/a> revolutionierte das Shisha-Erlebnis durch die Einf\u00fchrung eines <strong>Liquid E-Shisha Kopf Version<\/strong>-eine saubere, effizientere Art, Shisha zu verdampfen. Dieses innovative Produkt machte Holzkohle und Verbrennung \u00fcberfl\u00fcssig und ersetzte sie durch ein elegantes, fl\u00fcssigkeitsbasiertes Verdampfungssystem. Es war das <strong>erster Schritt<\/strong> auf die Verschmelzung der traditionellen Wasserpfeifenkultur mit der modernen Technologie, um den Liebhabern ein angenehmeres und ges\u00fcnderes Rauchen zu erm\u00f6glichen.<\/p><\/div><\/div><\/div><!-- Start of Story Repeater Content --><div id=\"story-76e28c7\" class=\"twae-story twae-repeater-item twae-story-right twae-story-no-icon\"><!-- Story Label --><div class=\"twae-labels\"><div class=\"twae-label-big\">September, 2014<\/div><div class=\"twae-label-small\">Tragbare E-Wasserpfeife<\/div><\/div><!-- Story Icon --><div class=\"twae-icon\"><i aria-hidden=\"true\" class=\"far fa-clock\"><\/i><\/div><!-- Story Arrow --><div class=\"twae-arrow\"><\/div><!-- Start of Story Content --><div class=\"twae-content\"><!-- Story Title --><div class=\"twae-title\">Amanoo Tragbare E-Wasserpfeife<\/div><!-- Story Image --><div class=\"twae-media large\"><img decoding=\"async\" width=\"800\" height=\"395\" src=\"https:\/\/amanoohookah.com\/wp-content\/uploads\/2025\/01\/amanoo-1024x505.png\" class=\"attachment-large size-large\" alt=\"\" srcset=\"https:\/\/amanoohookah.com\/wp-content\/uploads\/2025\/01\/amanoo-1024x505.png 1024w, https:\/\/amanoohookah.com\/wp-content\/uploads\/2025\/01\/amanoo-300x148.png 300w, https:\/\/amanoohookah.com\/wp-content\/uploads\/2025\/01\/amanoo-768x378.png 768w, https:\/\/amanoohookah.com\/wp-content\/uploads\/2025\/01\/amanoo-1536x757.png 1536w, https:\/\/amanoohookah.com\/wp-content\/uploads\/2025\/01\/amanoo-600x296.png 600w, https:\/\/amanoohookah.com\/wp-content\/uploads\/2025\/01\/amanoo.png 1802w\" sizes=\"(max-width: 800px) 100vw, 800px\" \/><\/div><!-- Story Description --><div class=\"twae-description\"><p>Aufbauend auf dem Erfolg des <strong>E Shisha Kopf<\/strong>haben wir die <a href=\"https:\/\/amanoovape.com\/product\/portable-hookah-amanoo-%e2%85%b0\/\"><strong>Amanoo Tragbare E-Wasserpfeife<\/strong><\/a>, a <strong>Fl\u00fcssigkeits-E-Schlauch<\/strong> entworfen f\u00fcr Bequemlichkeit und Tragbarkeit. Dieses Produkt erm\u00f6glichte es den Nutzern, den E-Schlauch ohne das Chaos oder den Rauch zu erleben, der mit traditionellen Wasserpfeifen verbunden ist. Kompakt, einfach zu bedienen, und effektiv, die <strong>Amanoo Tragbare E-Hookah<\/strong> setzen einen neuen Standard f\u00fcr den tragbaren, mobilen Wasserpfeifengenuss.<\/p><\/div><\/div><\/div><!-- Start of Story Repeater Content --><div id=\"story-074464d\" class=\"twae-story twae-repeater-item twae-story-left twae-story-no-icon\"><!-- Story Label --><div class=\"twae-labels\"><div class=\"twae-label-big\">Juni 2023<\/div><div class=\"twae-label-small\">Die 5. Generation der Tabakverdampfer<\/div><\/div><!-- Story Icon --><div class=\"twae-icon\"><i aria-hidden=\"true\" class=\"far fa-clock\"><\/i><\/div><!-- Story Arrow --><div class=\"twae-arrow\"><\/div><!-- Start of Story Content --><div class=\"twae-content\"><!-- Story Title --><div class=\"twae-title\">Der Experte f\u00fcr Tabakverdampfer werden<\/div><!-- Story Image --><div class=\"twae-media large\"><img loading=\"lazy\" decoding=\"async\" width=\"600\" height=\"600\" src=\"https:\/\/amanoohookah.com\/wp-content\/uploads\/2025\/01\/cv5.jpg\" class=\"attachment-large size-large\" alt=\"\" srcset=\"https:\/\/amanoohookah.com\/wp-content\/uploads\/2025\/01\/cv5.jpg 600w, https:\/\/amanoohookah.com\/wp-content\/uploads\/2025\/01\/cv5-300x300.jpg 300w, https:\/\/amanoohookah.com\/wp-content\/uploads\/2025\/01\/cv5-150x150.jpg 150w, https:\/\/amanoohookah.com\/wp-content\/uploads\/2025\/01\/cv5-100x100.jpg 100w\" sizes=\"(max-width: 600px) 100vw, 600px\" \/><\/div><!-- Story Description --><div class=\"twae-description\"><p>Nach der Einf\u00fchrung der <strong>E-Hookah<\/strong> und <strong>fl\u00fcssige E-Shisha-Technologie<\/strong>wurde Amanoo der <strong>expert in <a href=\"https:\/\/weecke.com\/products\/c-vapor\/\">vaporizing tobacco<\/a> leaves<\/strong>. Indem wir uns auf die Perfektionierung der Technologie hinter <strong>saubere Verdampfung<\/strong>haben wir daf\u00fcr gesorgt, dass traditionelle Tabakaromen auf eine ges\u00fcndere und effizientere Weise genossen werden k\u00f6nnen. Unsere Produkte wurden zum Synonym f\u00fcr <strong>zuverl\u00e4ssige Technologie<\/strong> und <strong>Premium-Qualit\u00e4t<\/strong>die von Verbrauchern und Unternehmen auf der ganzen Welt gesch\u00e4tzt werden.<\/p><\/div><\/div><\/div><!-- Start of Story Repeater Content --><div id=\"story-0724f5d\" class=\"twae-story twae-repeater-item twae-story-right twae-story-no-icon\"><!-- Story Label --><div class=\"twae-labels\"><div class=\"twae-label-big\">Jan. 2024<\/div><div class=\"twae-label-small\">Starten Sie den Prozess der Modern E Hookah<\/div><\/div><!-- Story Icon --><div class=\"twae-icon\"><i aria-hidden=\"true\" class=\"far fa-clock\"><\/i><\/div><!-- Story Arrow --><div class=\"twae-arrow\"><\/div><!-- Start of Story Content --><div class=\"twae-content\"><!-- Story Title --><div class=\"twae-title\">Beginn der Entwicklung einer modernen E-Hookah<\/div><!-- Story Image --><div class=\"twae-media large\"><img loading=\"lazy\" decoding=\"async\" width=\"800\" height=\"500\" src=\"https:\/\/amanoohookah.com\/wp-content\/uploads\/2024\/12\/hookah-electrica-1024x640.png\" class=\"attachment-large size-large\" alt=\"\" srcset=\"https:\/\/amanoohookah.com\/wp-content\/uploads\/2024\/12\/hookah-electrica-1024x640.png 1024w, https:\/\/amanoohookah.com\/wp-content\/uploads\/2024\/12\/hookah-electrica-300x188.png 300w, https:\/\/amanoohookah.com\/wp-content\/uploads\/2024\/12\/hookah-electrica-768x480.png 768w, https:\/\/amanoohookah.com\/wp-content\/uploads\/2024\/12\/hookah-electrica-1536x960.png 1536w, https:\/\/amanoohookah.com\/wp-content\/uploads\/2024\/12\/hookah-electrica-600x375.png 600w, https:\/\/amanoohookah.com\/wp-content\/uploads\/2024\/12\/hookah-electrica.png 1840w\" sizes=\"(max-width: 800px) 100vw, 800px\" \/><\/div><!-- Story Description --><div class=\"twae-description\"><p>Mit der wachsenden Nachfrage des Marktes nach mehr <strong>Personalisierung<\/strong> und <strong>h\u00f6herwertige Leistung<\/strong>haben wir mit der Entwicklung des <a href=\"https:\/\/amanoohookah.com\/de\/product\/amanoo-e-hookah\/\"><strong>E-Hookah der n\u00e4chsten Generation<\/strong><\/a>. Im Mittelpunkt dieser Phase stand die Integration von <strong>fortschrittliche Heat-not-Burn-Technologie<\/strong>, <strong>pr\u00e4zise Temperaturregelung<\/strong>und <strong>intelligente Funktionen<\/strong> to create a fully customizable, sophisticated <a href=\"https:\/\/amanoohookah.com\/de\/product\/amanoo-e-hookah\/\">E-Hookah<\/a> experience.<\/p><\/div><\/div><\/div><!-- Start of Story Repeater Content --><div id=\"story-552357e\" class=\"twae-story twae-repeater-item twae-story-left twae-story-no-icon\"><!-- Story Label --><div class=\"twae-labels\"><div class=\"twae-label-big\">Feb,2025<\/div><div class=\"twae-label-small\">Bringen Sie Amanoo E Hookah zu zeigen <\/div><\/div><!-- Story Icon --><div class=\"twae-icon\"><i aria-hidden=\"true\" class=\"far fa-clock\"><\/i><\/div><!-- Story Arrow --><div class=\"twae-arrow\"><\/div><!-- Start of Story Content --><div class=\"twae-content\"><!-- Story Title --><div class=\"twae-title\">Amanoo Modern E-Hookah endlich auf dem Markt<\/div><!-- Story Image --><div class=\"twae-media large\"><img loading=\"lazy\" decoding=\"async\" width=\"800\" height=\"534\" src=\"https:\/\/amanoohookah.com\/wp-content\/uploads\/2024\/12\/amanoo-e-hookah-for-bar-1024x683.jpg\" class=\"attachment-large size-large\" alt=\"\" srcset=\"https:\/\/amanoohookah.com\/wp-content\/uploads\/2024\/12\/amanoo-e-hookah-for-bar-1024x683.jpg 1024w, https:\/\/amanoohookah.com\/wp-content\/uploads\/2024\/12\/amanoo-e-hookah-for-bar-300x200.jpg 300w, https:\/\/amanoohookah.com\/wp-content\/uploads\/2024\/12\/amanoo-e-hookah-for-bar-768x512.jpg 768w, https:\/\/amanoohookah.com\/wp-content\/uploads\/2024\/12\/amanoo-e-hookah-for-bar-1536x1024.jpg 1536w, https:\/\/amanoohookah.com\/wp-content\/uploads\/2024\/12\/amanoo-e-hookah-for-bar-2048x1365.jpg 2048w, https:\/\/amanoohookah.com\/wp-content\/uploads\/2024\/12\/amanoo-e-hookah-for-bar-600x400.jpg 600w\" sizes=\"(max-width: 800px) 100vw, 800px\" \/><\/div><!-- Story Description --><div class=\"twae-description\"><p>Die Kr\u00f6nung unserer jahrelangen harten Arbeit und Innovation war die Einf\u00fchrung des <strong>Amanoo Moderne E-Hookah<\/strong>. Dieses Ger\u00e4t vereint alles in sich: modernste Technologie, schlankes Design, <strong>einstellbare Einstellungen<\/strong> f\u00fcr Dampfdichte, Temperatur und Sitzungsdauer und <strong>LED-Beleuchtung<\/strong> um das Ambiente zu verbessern. Die <strong>Amanoo Moderne E-Hookah<\/strong> markiert den H\u00f6hepunkt unserer Innovation und kombiniert alle Vorteile der traditionellen Wasserpfeife mit <strong>fortschrittliche Verdampfungstechnologie<\/strong>.<\/p><\/div><\/div><\/div><\/div>\n    <div class=\"twae-end\"><\/div>\n    <\/div><style type=\"text\/css\">@media (max-width: 1024px){ .twae-wrapper{--tw-ybx-size: 80px !important;}}@media (max-width: 767px){ .twae-wrapper{--tw-ybx-size: 80px !important}}<\/style>\t\t\t\t<\/div>\n\t\t\t\t<\/div>\n\t\t\t\t\t<\/div>\n\t\t\t\t<\/div>\n\t\t\t\t<section class=\"elementor-section elementor-top-section elementor-element elementor-element-352d2bbc elementor-section-content-middle custom-ele-section-css elementor-section-boxed elementor-section-height-default elementor-section-height-default\" data-id=\"352d2bbc\" data-element_type=\"section\" data-e-type=\"section\" data-settings=\"{&quot;background_background&quot;:&quot;classic&quot;}\">\n\t\t\t\t\t\t\t<div class=\"elementor-background-overlay\"><\/div>\n\t\t\t\t\t\t\t<div class=\"elementor-container elementor-column-gap-wide\">\n\t\t\t\t\t<div class=\"elementor-column elementor-col-100 elementor-top-column elementor-element elementor-element-74aca0f0\" data-id=\"74aca0f0\" data-element_type=\"column\" data-e-type=\"column\">\n\t\t\t<div class=\"elementor-widget-wrap elementor-element-populated\">\n\t\t\t\t\t\t<div class=\"elementor-element elementor-element-24c3c67a elementor-widget elementor-widget-heading\" data-id=\"24c3c67a\" data-element_type=\"widget\" data-e-type=\"widget\" data-widget_type=\"heading.default\">\n\t\t\t\t<div class=\"elementor-widget-container\">\n\t\t\t\t\t<h3 class=\"elementor-heading-title elementor-size-default\">Sie m\u00fcssen<\/h3>\t\t\t\t<\/div>\n\t\t\t\t<\/div>\n\t\t\t\t<div class=\"elementor-element elementor-element-33109ede elementor-hidden-phone elementor-widget-divider--view-line elementor-widget elementor-widget-divider\" data-id=\"33109ede\" data-element_type=\"widget\" data-e-type=\"widget\" data-widget_type=\"divider.default\">\n\t\t\t\t<div class=\"elementor-widget-container\">\n\t\t\t\t\t\t\t<div class=\"elementor-divider\">\n\t\t\t<span class=\"elementor-divider-separator\">\n\t\t\t\t\t\t<\/span>\n\t\t<\/div>\n\t\t\t\t\t\t<\/div>\n\t\t\t\t<\/div>\n\t\t\t\t<div class=\"elementor-element elementor-element-f225cce elementor-widget elementor-widget-heading\" data-id=\"f225cce\" data-element_type=\"widget\" data-e-type=\"widget\" data-widget_type=\"heading.default\">\n\t\t\t\t<div class=\"elementor-widget-container\">\n\t\t\t\t\t<h2 class=\"elementor-heading-title elementor-size-default\">Beteiligen Sie sich an der Innovation<\/h2>\t\t\t\t<\/div>\n\t\t\t\t<\/div>\n\t\t\t\t<div class=\"elementor-element elementor-element-1e3d8843 elementor-widget elementor-widget-text-editor\" data-id=\"1e3d8843\" data-element_type=\"widget\" data-e-type=\"widget\" data-widget_type=\"text-editor.default\">\n\t\t\t\t<div class=\"elementor-widget-container\">\n\t\t\t\t\t\t\t\t\t<p>Da die <strong>Pioniere der E-Hookah-Technologie<\/strong>Amanoo gestaltet nicht nur die Zukunft der Wasserpfeife - wir f\u00fchren sie an. Wenn Sie auf der Suche nach dem besten <strong>vertrauensw\u00fcrdig und fortschrittlich<\/strong> E-Hookah Technologie, Sie haben sie gefunden. Mit \u00fcber 12 Jahren Erfahrung sind wir hier, um zu helfen <strong>modernisieren<\/strong> die Art, wie Sie Shisha genie\u00dfen. Vertrauen Sie der Innovation, die Sie verdienen, vertrauen <strong>Amanoo<\/strong>.<\/p>\t\t\t\t\t\t\t\t<\/div>\n\t\t\t\t<\/div>\n\t\t\t\t<div class=\"elementor-element elementor-element-6286ffdf elementor-widget-divider--view-line elementor-widget elementor-widget-divider\" data-id=\"6286ffdf\" data-element_type=\"widget\" data-e-type=\"widget\" data-widget_type=\"divider.default\">\n\t\t\t\t<div class=\"elementor-widget-container\">\n\t\t\t\t\t\t\t<div class=\"elementor-divider\">\n\t\t\t<span class=\"elementor-divider-separator\">\n\t\t\t\t\t\t<\/span>\n\t\t<\/div>\n\t\t\t\t\t\t<\/div>\n\t\t\t\t<\/div>\n\t\t\t\t<div class=\"elementor-element elementor-element-946d00d elementor-tablet-align-center elementor-align-center elementor-widget elementor-widget-button\" data-id=\"946d00d\" data-element_type=\"widget\" data-e-type=\"widget\" data-widget_type=\"button.default\">\n\t\t\t\t<div class=\"elementor-widget-container\">\n\t\t\t\t\t\t\t\t\t<div class=\"elementor-button-wrapper\">\n\t\t\t\t\t<a class=\"elementor-button elementor-button-link elementor-size-md\" href=\"#elementor-action%3Aaction%3Dpopup%3Aopen%26settings%3DeyJpZCI6IjExMjQiLCJ0b2dnbGUiOmZhbHNlfQ%3D%3D\">\n\t\t\t\t\t\t<span class=\"elementor-button-content-wrapper\">\n\t\t\t\t\t\t\t\t\t<span class=\"elementor-button-text\">Jetzt beginnen<\/span>\n\t\t\t\t\t<\/span>\n\t\t\t\t\t<\/a>\n\t\t\t\t<\/div>\n\t\t\t\t\t\t\t\t<\/div>\n\t\t\t\t<\/div>\n\t\t\t\t\t<\/div>\n\t\t<\/div>\n\t\t\t\t\t<\/div>\n\t\t<\/section>\n\t\t\t\t<\/div>","protected":false},"excerpt":{"rendered":"<p>Innovation You Can Trust At Amanoo, innovation is at the heart of everything we do. For over 12 years, we\u2019ve been at the forefront of transforming the traditional shisha experience into something modern, convenient, and health-conscious. As the pioneers of the first E-Hookah, we\u2019ve dedicated ourselves to the evolution of vaporizing technologies, particularly in the [&hellip;]<\/p>","protected":false},"author":1,"featured_media":0,"parent":0,"menu_order":0,"comment_status":"closed","ping_status":"closed","template":"","meta":{"_seopress_robots_primary_cat":"","_seopress_titles_title":"Innovation You Can Trust | Amanoo E-Hookah Experts & Pioneers","_seopress_titles_desc":"Discover Amanoo's 14+ years of expertise in tobacco vaporizing technology. As the pioneers of the first E-Hookah, we specialize in vaporizing shisha tobacco with precision, offering clean, safe, and modern alternatives to traditional shisha.","_seopress_robots_index":"","footnotes":""},"class_list":["post-1791","page","type-page","status-publish","hentry"],"_links":{"self":[{"href":"https:\/\/amanoohookah.com\/de\/wp-json\/wp\/v2\/pages\/1791","targetHints":{"allow":["GET"]}}],"collection":[{"href":"https:\/\/amanoohookah.com\/de\/wp-json\/wp\/v2\/pages"}],"about":[{"href":"https:\/\/amanoohookah.com\/de\/wp-json\/wp\/v2\/types\/page"}],"author":[{"embeddable":true,"href":"https:\/\/amanoohookah.com\/de\/wp-json\/wp\/v2\/users\/1"}],"replies":[{"embeddable":true,"href":"https:\/\/amanoohookah.com\/de\/wp-json\/wp\/v2\/comments?post=1791"}],"version-history":[{"count":18,"href":"https:\/\/amanoohookah.com\/de\/wp-json\/wp\/v2\/pages\/1791\/revisions"}],"predecessor-version":[{"id":2176,"href":"https:\/\/amanoohookah.com\/de\/wp-json\/wp\/v2\/pages\/1791\/revisions\/2176"}],"wp:attachment":[{"href":"https:\/\/amanoohookah.com\/de\/wp-json\/wp\/v2\/media?parent=1791"}],"curies":[{"name":"wp","href":"https:\/\/api.w.org\/{rel}","templated":true}]}}