{"id":441,"date":"2024-11-29T07:45:19","date_gmt":"2024-11-29T07:45:19","guid":{"rendered":"https:\/\/amanoohookah.com\/?page_id=441"},"modified":"2025-01-09T08:10:21","modified_gmt":"2025-01-09T08:10:21","slug":"dankeschon","status":"publish","type":"page","link":"https:\/\/amanoohookah.com\/de\/dankeschon\/","title":{"rendered":"Dankesch\u00f6n"},"content":{"rendered":"<div data-elementor-type=\"wp-page\" data-elementor-id=\"441\" class=\"elementor elementor-441\" data-elementor-post-type=\"page\">\n\t\t\t\t\t\t<section class=\"elementor-section elementor-top-section elementor-element elementor-element-ifq7eid elementor-section-content-middle elementor-section-boxed elementor-section-height-default elementor-section-height-default\" data-id=\"ifq7eid\" data-element_type=\"section\" data-e-type=\"section\" data-settings=\"{&quot;background_background&quot;:&quot;classic&quot;}\">\n\t\t\t\t\t\t\t<div class=\"elementor-background-overlay\"><\/div>\n\t\t\t\t\t\t\t<div class=\"elementor-container elementor-column-gap-no\">\n\t\t\t\t\t<div class=\"elementor-column elementor-col-50 elementor-top-column elementor-element elementor-element-957c1a9\" data-id=\"957c1a9\" data-element_type=\"column\" data-e-type=\"column\">\n\t\t\t<div class=\"elementor-widget-wrap elementor-element-populated\">\n\t\t\t\t\t\t<div class=\"elementor-element elementor-element-fd47f1d elementor-widget elementor-widget-image\" data-id=\"fd47f1d\" data-element_type=\"widget\" data-e-type=\"widget\" data-widget_type=\"image.default\">\n\t\t\t\t<div class=\"elementor-widget-container\">\n\t\t\t\t\t\t\t\t\t\t\t\t\t\t\t<img alt=\"\" fetchpriority=\"high\" decoding=\"async\" width=\"2560\" height=\"1707\" src=\"https:\/\/amanoohookah.com\/wp-content\/uploads\/2024\/12\/amanoo-e-hookah-for-bar-scaled.jpg\" class=\"attachment-full size-full wp-image-1384\" srcset=\"https:\/\/amanoohookah.com\/wp-content\/uploads\/2024\/12\/amanoo-e-hookah-for-bar-scaled.jpg 2560w, https:\/\/amanoohookah.com\/wp-content\/uploads\/2024\/12\/amanoo-e-hookah-for-bar-300x200.jpg 300w, https:\/\/amanoohookah.com\/wp-content\/uploads\/2024\/12\/amanoo-e-hookah-for-bar-1024x683.jpg 1024w, https:\/\/amanoohookah.com\/wp-content\/uploads\/2024\/12\/amanoo-e-hookah-for-bar-768x512.jpg 768w, https:\/\/amanoohookah.com\/wp-content\/uploads\/2024\/12\/amanoo-e-hookah-for-bar-1536x1024.jpg 1536w, https:\/\/amanoohookah.com\/wp-content\/uploads\/2024\/12\/amanoo-e-hookah-for-bar-2048x1365.jpg 2048w, https:\/\/amanoohookah.com\/wp-content\/uploads\/2024\/12\/amanoo-e-hookah-for-bar-600x400.jpg 600w\" sizes=\"(max-width: 2560px) 100vw, 2560px\" \/>\t\t\t\t\t\t\t\t\t\t\t\t\t\t\t<\/div>\n\t\t\t\t<\/div>\n\t\t\t\t\t<\/div>\n\t\t<\/div>\n\t\t\t\t<div class=\"elementor-column elementor-col-50 elementor-top-column elementor-element elementor-element-75109e3\" data-id=\"75109e3\" data-element_type=\"column\" data-e-type=\"column\">\n\t\t\t<div class=\"elementor-widget-wrap elementor-element-populated\">\n\t\t\t\t\t\t<div class=\"elementor-element elementor-element-0806230 elementor-widget elementor-widget-heading\" data-id=\"0806230\" data-element_type=\"widget\" data-e-type=\"widget\" data-widget_type=\"heading.default\">\n\t\t\t\t<div class=\"elementor-widget-container\">\n\t\t\t\t\t<h2 class=\"elementor-heading-title elementor-size-default\">Dankesch\u00f6n<\/h2>\t\t\t\t<\/div>\n\t\t\t\t<\/div>\n\t\t\t\t<div class=\"elementor-element elementor-element-27a622b elementor-widget elementor-widget-text-editor\" data-id=\"27a622b\" data-element_type=\"widget\" data-e-type=\"widget\" data-widget_type=\"text-editor.default\">\n\t\t\t\t<div class=\"elementor-widget-container\">\n\t\t\t\t\t\t\t\t\t<p>Sie haben uns gerade erfolgreich eine E-Mail geschickt, und wir hoffen, dass wir in Zukunft gute Partner f\u00fcr eine Win-Win-Situation sein werden.<\/p><p>Wir werden Sie innerhalb von 1 Arbeitstag kontaktieren. Bitte achten Sie auf die E-Mail mit dem Suffix \"@amanoovape.com\".<\/p><p>Wenn technische Unterst\u00fctzung ben\u00f6tigt wird, ben\u00f6tigen unsere Produktspezialisten bis zu 48 Stunden, um sich vorzubereiten, und k\u00f6nnen nicht rechtzeitig reagieren.<\/p>\t\t\t\t\t\t\t\t<\/div>\n\t\t\t\t<\/div>\n\t\t\t\t<div class=\"elementor-element elementor-element-6287393 elementor-widget elementor-widget-button\" data-id=\"6287393\" data-element_type=\"widget\" data-e-type=\"widget\" data-widget_type=\"button.default\">\n\t\t\t\t<div class=\"elementor-widget-container\">\n\t\t\t\t\t\t\t\t\t<div class=\"elementor-button-wrapper\">\n\t\t\t\t\t<a class=\"elementor-button elementor-button-link elementor-size-sm\" href=\"https:\/\/amanoohookah.com\/de\/\">\n\t\t\t\t\t\t<span class=\"elementor-button-content-wrapper\">\n\t\t\t\t\t\t\t\t\t<span class=\"elementor-button-text\">Zur\u00fcck zur Homepage <\/span>\n\t\t\t\t\t<\/span>\n\t\t\t\t\t<\/a>\n\t\t\t\t<\/div>\n\t\t\t\t\t\t\t\t<\/div>\n\t\t\t\t<\/div>\n\t\t\t\t<div class=\"elementor-element elementor-element-9ddfdc2 elementor-widget elementor-widget-shortcode\" data-id=\"9ddfdc2\" data-element_type=\"widget\" data-e-type=\"widget\" data-widget_type=\"shortcode.default\">\n\t\t\t\t<div class=\"elementor-widget-container\">\n\t\t\t\t\t\t\t<div class=\"elementor-shortcode\"><\/div>\n\t\t\t\t\t\t<\/div>\n\t\t\t\t<\/div>\n\t\t\t\t\t<\/div>\n\t\t<\/div>\n\t\t\t\t\t<\/div>\n\t\t<\/section>\n\t\t\t\t<\/div>","protected":false},"excerpt":{"rendered":"<p>Thank You You have just successfully emailed us, and we hope that we will be good partners in the future for a win-win situation. We will contact you within 1 working day. Please pay attention to the email with the suffix &#8220;@amanoovape.com&#8221;. If technical assistance is required, our product specialists will take up to 48 [&hellip;]<\/p>","protected":false},"author":1,"featured_media":0,"parent":0,"menu_order":0,"comment_status":"closed","ping_status":"closed","template":"","meta":{"_seopress_robots_primary_cat":"","_seopress_titles_title":"","_seopress_titles_desc":"","_seopress_robots_index":"","footnotes":""},"class_list":["post-441","page","type-page","status-publish","hentry"],"_links":{"self":[{"href":"https:\/\/amanoohookah.com\/de\/wp-json\/wp\/v2\/pages\/441","targetHints":{"allow":["GET"]}}],"collection":[{"href":"https:\/\/amanoohookah.com\/de\/wp-json\/wp\/v2\/pages"}],"about":[{"href":"https:\/\/amanoohookah.com\/de\/wp-json\/wp\/v2\/types\/page"}],"author":[{"embeddable":true,"href":"https:\/\/amanoohookah.com\/de\/wp-json\/wp\/v2\/users\/1"}],"replies":[{"embeddable":true,"href":"https:\/\/amanoohookah.com\/de\/wp-json\/wp\/v2\/comments?post=441"}],"version-history":[{"count":4,"href":"https:\/\/amanoohookah.com\/de\/wp-json\/wp\/v2\/pages\/441\/revisions"}],"predecessor-version":[{"id":448,"href":"https:\/\/amanoohookah.com\/de\/wp-json\/wp\/v2\/pages\/441\/revisions\/448"}],"wp:attachment":[{"href":"https:\/\/amanoohookah.com\/de\/wp-json\/wp\/v2\/media?parent=441"}],"curies":[{"name":"wp","href":"https:\/\/api.w.org\/{rel}","templated":true}]}}